{"id":33,"date":"2025-01-14T12:45:56","date_gmt":"2025-01-14T11:45:56","guid":{"rendered":"https:\/\/tremplinduvaldeleyre.lepougniq-festival.fr\/?page_id=33"},"modified":"2026-01-23T13:14:44","modified_gmt":"2026-01-23T12:14:44","slug":"reglement","status":"publish","type":"page","link":"https:\/\/tremplinduvaldeleyre.fr\/?page_id=33","title":{"rendered":"R\u00e8glement"},"content":{"rendered":"\n<div class=\"wp-block-columns are-vertically-aligned-center is-layout-flex wp-container-core-columns-is-layout-9d6595d7 wp-block-columns-is-layout-flex\">\n<div class=\"wp-block-column is-vertically-aligned-center is-layout-flow wp-block-column-is-layout-flow\" style=\"flex-basis:20%\"><div class=\"wp-block-image\">\n<figure class=\"aligncenter size-full is-resized\"><img loading=\"lazy\" decoding=\"async\" width=\"351\" height=\"339\" src=\"https:\/\/tremplinduvaldeleyre.fr\/wp-content\/uploads\/2025\/12\/Le-Tremplin_zoom.png\" alt=\"\" class=\"wp-image-329\" style=\"aspect-ratio:1.0353310219580651;width:111px;height:auto\"\/><\/figure>\n<\/div><\/div>\n\n\n\n<div class=\"wp-block-column is-vertically-aligned-center is-layout-flow wp-block-column-is-layout-flow\">\n<div class=\"wp-block-group is-vertical is-content-justification-center is-layout-flex wp-container-core-group-is-layout-73a99bce wp-block-group-is-layout-flex\">\n<p class=\"has-text-align-center\" style=\"font-size:24px\">Tremplin Musical du Pougniq \u201cTremplin du Val de l\u2019Eyre\u201d<\/p>\n<\/div>\n<\/div>\n\n\n\n<div class=\"wp-block-column is-vertically-aligned-center is-layout-flow wp-block-column-is-layout-flow\" style=\"flex-basis:20%\"><div class=\"wp-block-image\">\n<figure class=\"aligncenter size-full\"><img loading=\"lazy\" decoding=\"async\" width=\"1014\" height=\"790\" src=\"https:\/\/tremplinduvaldeleyre.fr\/wp-content\/uploads\/2025\/02\/logo-texte.png\" alt=\"\" class=\"wp-image-236\" srcset=\"https:\/\/tremplinduvaldeleyre.fr\/wp-content\/uploads\/2025\/02\/logo-texte.png 1014w, https:\/\/tremplinduvaldeleyre.fr\/wp-content\/uploads\/2025\/02\/logo-texte-300x234.png 300w, https:\/\/tremplinduvaldeleyre.fr\/wp-content\/uploads\/2025\/02\/logo-texte-768x598.png 768w\" sizes=\"auto, (max-width: 1014px) 100vw, 1014px\" \/><\/figure>\n<\/div><\/div>\n<\/div>\n\n\n\n<div style=\"height:67px\" aria-hidden=\"true\" class=\"wp-block-spacer\"><\/div>\n\n\n\n<h2 class=\"wp-block-heading\">Article 1 &#8211; L\u2019organisateur<\/h2>\n\n\n\n<p>L\u2019association Les Moutons De Pougniquet ou LMDP (d\u00e9sign\u00e9e ci-apr\u00e8s comme \u201cl\u2019Organisateur\u201d) met en place et organise un concours musical intitul\u00e9 : \u201cTremplin du Val de l\u2019Eyre\u201d, selon les modalit\u00e9s d\u00e9crites dans le pr\u00e9sent r\u00e8glement.&nbsp;<\/p>\n\n\n\n<p>Le ou les musiciens qui remporteront le tremplin auront la possibilit\u00e9 de jouer pendant le festival organis\u00e9 par l\u2019association.<\/p>\n\n\n\n<h2 class=\"wp-block-heading\">Article 2 &#8211; Objectif du concours<\/h2>\n\n\n\n<p>Ce tremplin a pour but de r\u00e9v\u00e9ler les talents locaux et de leur offrir une opportunit\u00e9 de se produire sur des sc\u00e8nes r\u00e9gionales et de b\u00e9n\u00e9ficier de tremplins pour leur carri\u00e8re.<\/p>\n\n\n\n<p>Il favorise l&rsquo;\u00e9change et l&rsquo;\u00e9mulation musicale entre les artistes amateurs ou semi-professionnels du secteur et les professionnels de la sc\u00e8ne artistique locale.<\/p>\n\n\n\n<p>La d\u00e9tection et promotion des talents musicaux locaux offre une sc\u00e8ne aux musiciens \u00e9mergents de la r\u00e9gion tout en renfor\u00e7ant les liens entre les diff\u00e9rents acteurs culturels locaux co-construisant ce projet.<\/p>\n\n\n\n<p>Le tremplin participe \u00e0 une dynamisation du territoire et une synergie entre les municipalit\u00e9s en faisant rayonner les communes du Val de l\u2019Eyre \u00e0 travers un \u00e9v\u00e9nement culturel attractif et f\u00e9d\u00e9rateur en p\u00e9riode hivernale.<\/p>\n\n\n\n<h2 class=\"wp-block-heading\">Article 3 &#8211; Les participants<\/h2>\n\n\n\n<p>Le tremplin est ouvert \u00e0 tous les musiciens et chanteurs, amateurs et semi-professionel, se pr\u00e9sentant individuellement, en duo, en trio ou sous forme de groupe (de 7 personnes au maximum).<\/p>\n\n\n\n<p>L\u2019un au moins des membres devant r\u00e9sider ou \u00eatre originaire de la zone g\u00e9ographique Sud Gironde et Nord des Landes.<\/p>\n\n\n\n<p>Le concours est ouvert \u00e0 tous les genres de musiques actuelles.<\/p>\n\n\n\n<p>Les candidats mineurs peuvent participer au concours, sous r\u00e9serve d\u2019avoir transmis l\u2019autorisation l\u00e9gale disponible lors de l\u2019inscription.<\/p>\n\n\n\n<h2 class=\"wp-block-heading\">Article 4 &#8211; D\u00e9roulement du concours<\/h2>\n\n\n\n<p>Le tremplin se d\u00e9roulera en deux temps de la mani\u00e8re suivante :&nbsp;<\/p>\n\n\n\n<p>1er temps :&nbsp;<\/p>\n\n\n\n<p>4 phases de qualification, organis\u00e9es au sein des communes du Val de l\u2019Eyre \u00e0 raison d\u2019un \u00e9v\u00e9nement toutes les deux semaines.<\/p>\n\n\n\n<p>Lors de chaque soir\u00e9e se produiront de 4 \u00e0 6 groupes ou artistes pour une dur\u00e9e maximale de 20 minutes.&nbsp;<\/p>\n\n\n\n<p>Chaque groupe ou artiste devra pr\u00e9senter au moins 1 composition personnelle.<\/p>\n\n\n\n<p>Deux laur\u00e9ats seront d\u00e9sign\u00e9s lors de chaque \u00e9v\u00e9nement pour participer \u00e0 la finale.<\/p>\n\n\n\n<p>Les phases de qualifications auront lieu :&nbsp;<\/p>\n\n\n\n<ul class=\"wp-block-list\">\n<li><strong>Samedi 28 mars<\/strong> \u00e0 la <strong>salle des f\u00eates <\/strong>de <strong>St-Magne.<\/strong><\/li>\n\n\n\n<li><strong>Samedi 4 avril<\/strong> \u00e0 la <strong>salle des f\u00eates<\/strong> de <strong>Lugos.<\/strong><\/li>\n\n\n\n<li><strong>Samedi 18 avril <\/strong>\u00e0 la<strong> <strong>salle des f\u00eates Jean-Paul Fabre<\/strong> \u00e0<strong> Belin-Beliet.<\/strong><\/strong><\/li>\n\n\n\n<li><strong>Samedi 2 mai<\/strong> \u00e0 la <strong>salle des f\u00eates du bourg <\/strong>de<strong> Salles<\/strong><\/li>\n<\/ul>\n\n\n\n<p>Lors des phases de qualification, un candidat sera retenu par le vote du public et un second candidat par un jury repr\u00e9sent\u00e9 par les partenaires du tremplin.<\/p>\n\n\n\n<p>2\u00e8me temps :&nbsp;<\/p>\n\n\n\n<p>Une finale qui r\u00e9unira les groupes ou artistes s\u00e9lectionn\u00e9s lors des phases pr\u00e9c\u00e9dentes dans la derni\u00e8re commune du Val de l\u2019Eyre, dans des conditions similaires aux phases de qualification.<\/p>\n\n\n\n<p>La finale aura lieu le <strong>Samedi 9 mai<\/strong> au <strong>centre culturel du Bateau Lyre<\/strong> au <strong>Barp.<\/strong><\/p>\n\n\n\n<p>Les balances des groupes seront r\u00e9alis\u00e9es en amont de la repr\u00e9sentation, le jour m\u00eame.<\/p>\n\n\n\n<p>Une r\u00e9union technique sera r\u00e9alis\u00e9e avant la repr\u00e9sentation.<\/p>\n\n\n\n<h2 class=\"wp-block-heading\">Article 5 &#8211; Modalit\u00e9s de participation<\/h2>\n\n\n\n<p>Pour participer au tremplin, les formations musicales devront remplir et soumettre le formulaire de candidature sur le site du tremplin \u00e0 l\u2019adresse : <a href=\"https:\/\/tremplinduvaldeleyre.fr\/?page_id=37\">https:\/\/tremplinduvaldeleyre.fr\/?page_id=37<\/a><\/p>\n\n\n\n<p>A l&rsquo;issue des s\u00e9lections, les participants recevront un formulaire par mail, \u00e0 retourner compl\u00e9t\u00e9 et sign\u00e9 par le candidat ou chaque candidat s\u2019il s\u2019agit d\u2019un groupe.<\/p>\n\n\n\n<p>Pour que votre candidature soit valide, votre formulaire doit comporter l&rsquo;ensemble des \u00e9l\u00e9ments demand\u00e9s&nbsp;<\/p>\n\n\n\n<p>La date de cl\u00f4ture des inscriptions est fix\u00e9e au 01 Mars 2025 \u00e0 23h59.<\/p>\n\n\n\n<p>A NOTER :&nbsp;<\/p>\n\n\n\n<ul class=\"wp-block-list\">\n<li>Chaque candidat d\u00e9clare avoir communiqu\u00e9 \u00e0 l\u2019Organisateur les informations le concernant de mani\u00e8re sinc\u00e8re et loyale et certifie par cons\u00e9quent l\u2019exactitude des informations communiqu\u00e9es. Si une ou plusieurs informations fournie(s) par le candidat venai(en)t \u00e0 \u00eatre modifi\u00e9e(s), ce dernier s\u2019engage \u00e0 en informer l\u2019Organisateur dans les meilleurs d\u00e9lais. L\u2019Organisateur se r\u00e9serve le droit d\u2019en v\u00e9rifier la v\u00e9racit\u00e9, toute fraude au r\u00e8glement entra\u00eenera la disqualification du candidat.<\/li>\n<\/ul>\n\n\n\n<ul class=\"wp-block-list\">\n<li>Du seul fait de leur participation, les garantissent les organisateurs et les jurys contre tout recours \u00e9ventuel de tiers en ce qui concerne l\u2019originalit\u00e9 des morceaux pr\u00e9sent\u00e9s.<\/li>\n<\/ul>\n\n\n\n<ul class=\"wp-block-list\">\n<li>Tout dossier incomplet, non conforme, ou arriv\u00e9 hors d\u00e9lai sera rejet\u00e9.<\/li>\n<\/ul>\n\n\n\n<h2 class=\"wp-block-heading\">Article 6 &#8211; Processus de s\u00e9lection<\/h2>\n\n\n\n<p>Apr\u00e8s l\u2019envoie des inscriptions et l\u2019\u00e9coute des d\u00e9mos des candidats : 16 \u00e0 24 artistes\/groupes seront pr\u00e9s\u00e9lectionn\u00e9s par le comit\u00e9 d\u2019\u00e9coute du tremplin afin d\u2019\u00e9tablir leur participation au tremplin.<\/p>\n\n\n\n<p>Lors des phases de pr\u00e9s\u00e9lection jusqu\u2019\u00e0 la finale, les candidats seront jug\u00e9s sur les crit\u00e8res suivants :<\/p>\n\n\n\n<p>\u2022 Qualit\u00e9s instrumentales et vocales<\/p>\n\n\n\n<p>\u2022 Qualit\u00e9 de l\u2019interpr\u00e9tation<\/p>\n\n\n\n<p>\u2022 Qualit\u00e9 du texte, cr\u00e9ativit\u00e9 et originalit\u00e9 des m\u00e9lodies et des rythmiques pour les auteurs-compositeurs-interpr\u00e8tes<\/p>\n\n\n\n<p>\u2022 Pr\u00e9sence sc\u00e9nique<\/p>\n\n\n\n<p>\u2022 Mixit\u00e9 sociale<\/p>\n\n\n\n<p>\u2022 Proximit\u00e9 territoriale<\/p>\n\n\n\n<p>La qualit\u00e9 de l\u2019enregistrement ne sera pas prise en compte pour les pr\u00e9s\u00e9lections sur supports vid\u00e9os.<\/p>\n\n\n\n<p>Les dates de participation aux soir\u00e9es seront donn\u00e9es \u00e0 partir du 1er Mars 2025 par mail et les candidats retenus et non-retenus seront recontact\u00e9s (aucune r\u00e9clamation ou contestation n\u2019est possible).<\/p>\n\n\n\n<p>A NOTER :&nbsp;<\/p>\n\n\n\n<p>Chaque groupe participant au tremplin s&rsquo;engage \u00e0 respecter le calendrier fix\u00e9 par l\u2019association, ainsi que toute modification qu&rsquo;elle serait susceptible d&rsquo;y apporter.<\/p>\n\n\n\n<p>Lorsque le programme (r\u00e9partition des groupes par date) sera fix\u00e9 d\u00e9finitivement, veuillez noter qu\u2019il n\u2019est pas de la responsabilit\u00e9 du comit\u00e9 de s\u2019adapter aux contraintes d\u2019agenda des groupes. Par cons\u00e9quent, si un groupe ne peut se rendre disponible pour ces dates, sans qu\u2019aucun changement ne soit possible, il sera alors retir\u00e9 de la s\u00e9lection et remplac\u00e9 par un autre groupe.&nbsp;<\/p>\n\n\n\n<p>La candidature de ce groupe ne sera pas report\u00e9e \u00e0 une \u00e9dition ult\u00e9rieure.<\/p>\n\n\n\n<p>Nous vous conseillons vivement d\u00e8s la transmission de participation, de bloquer les dates annonc\u00e9es par le comit\u00e9 d\u2019organisation.<\/p>\n\n\n\n<h2 class=\"wp-block-heading\">Article 7 &#8211; Description des prix<\/h2>\n\n\n\n<p><strong>Le Prix du Public :&nbsp;<\/strong><\/p>\n\n\n\n<p>Le groupe ou l\u2019artiste d\u00e9sign\u00e9 \u00e0 la majorit\u00e9 par le vote du public pr\u00e9sent lors de la finale se verra proposer un contrat de cession professionnel sur l\u2019\u00e9dition 2026 du <strong>Pougniq Festival<\/strong>.<\/p>\n\n\n\n<p><strong>Les Prix des Partenaires<\/strong><\/p>\n\n\n\n<p>Chaque partenaire remettra un lot personnalis\u00e9 \u00e0 son coup de c\u0153ur de la soir\u00e9e.<\/p>\n\n\n\n<ul class=\"wp-block-list\">\n<li>Le Prix Plage FM :&nbsp;<\/li>\n<\/ul>\n\n\n\n<p>R\u00e9alisation et diffusion d\u2019une interview promotionnelle du groupe ou de l\u2019artiste s\u00e9lectionn\u00e9.<\/p>\n\n\n\n<p>Une musique du groupe ou de l\u2019artiste s\u00e9lectionn\u00e9 sera \u00e9galement int\u00e9gr\u00e9e \u00e0 la programmation Plage Fm si et seulement si cette derni\u00e8re est coh\u00e9rente avec l&rsquo; esth\u00e9tique musicale du partenaire.<\/p>\n\n\n\n<ul class=\"wp-block-list\">\n<li>Le Prix BassLocStudio :&nbsp;<\/li>\n<\/ul>\n\n\n\n<p>R\u00e9alisation d\u2019une session d\u2019enregistrement audio en live studio.<\/p>\n\n\n\n<ul class=\"wp-block-list\">\n<li>Le prix La Bo\u00eete \u00e0 Meuh ! :&nbsp;<\/li>\n<\/ul>\n\n\n\n<p>Int\u00e9gration du groupe ou de l\u2019artiste s\u00e9lectionn\u00e9 au sein d\u2019une soir\u00e9e concert organis\u00e9e par La Bo\u00eete \u00e0 Meuh ! sur l\u2019ann\u00e9e 2026.<\/p>\n\n\n\n<ul class=\"wp-block-list\">\n<li>Le prix Du Bruit en Coulisses :&nbsp;<\/li>\n<\/ul>\n\n\n\n<p>Int\u00e9gration du groupe ou de l\u2019artiste s\u00e9lectionn\u00e9 au sein de la programmation 2026 du Festival Popul\u2019Eyre.<\/p>\n\n\n\n<ul class=\"wp-block-list\">\n<li>Le prix Pulse Sound Studio :&nbsp;<\/li>\n<\/ul>\n\n\n\n<p>3h de r\u00e9p\u00e9titions en studio pour les six Finalistes et R\u00e9sidence de deux jours pour l&rsquo;artiste s\u00e9lectionn\u00e9.<\/p>\n\n\n\n<p>D\u2019autres prix sont susceptibles d\u2019\u00eatre ajout\u00e9s sans que l\u2019organisateur ne soit dans l\u2019obligation d\u2019avoir l\u2019aval des participants.<\/p>\n\n\n\n<p>Aucune r\u00e9clamation ne pourra \u00eatre faite concernant les d\u00e9cisions des jurys qui statueront de fa\u00e7on libre et souveraine.&nbsp;<\/p>\n\n\n\n<h2 class=\"wp-block-heading\">Article 8 &#8211; Responsabilit\u00e9s<\/h2>\n\n\n\n<p>L\u2019Organisateur d\u00e9cline toute responsabilit\u00e9 en cas de vols, pertes, ou dommages caus\u00e9s \u00e0 l\u2019enregistrement donn\u00e9. L\u2019Organisateur ne saurait \u00eatre rendu responsable des retards et des pertes d\u2019envois du fait d\u2019incidents informatiques, des services postaux, des soci\u00e9t\u00e9s de livraison ou de leur disparition r\u00e9sultant d\u2019un cas fortuit ou de force majeure ou du fait d\u2019un tiers.<\/p>\n\n\n\n<p>L\u2019Organisateur se r\u00e9serve le droit d\u2019annuler cette manifestation pour toute raison ind\u00e9pendante de sa volont\u00e9.<\/p>\n\n\n\n<h2 class=\"wp-block-heading\">Article 9 &#8211; Engagement et frais<\/h2>\n\n\n\n<p>La ou les prestations des groupes lors des diff\u00e9rentes phases du tremplin ne sont pas r\u00e9mun\u00e9r\u00e9es.<\/p>\n\n\n\n<p>Les frais de d\u00e9placement sur le lieu de concert seront int\u00e9gralement \u00e0 la charge du groupe.<\/p>\n\n\n\n<p>Les repas des membres du groupe seront assur\u00e9s par l\u2019organisateur lors des soir\u00e9es concert.&nbsp;<\/p>\n\n\n\n<h2 class=\"wp-block-heading\">Article 10 &#8211; Sonorisation\/Eclairage\/Backline<\/h2>\n\n\n\n<p>Les musiciens du groupe devront fournir et se produire avec leur mat\u00e9riel musical propre (notamment instruments de musique, batterie, ampli&#8230;).<\/p>\n\n\n\n<p>L&rsquo;organisation du tremplin met \u00e0 disposition des groupes l&rsquo;ensemble du mat\u00e9riel de sonorisation et d&rsquo;\u00e9clairage n\u00e9cessaire au bon d\u00e9roulement des concerts et s&rsquo;engage \u00e0 respecter au mieux la fiche technique fournie par le groupe.<\/p>\n\n\n\n<p>Elle met \u00e0 disposition un r\u00e9gisseur son disponible pour sonoriser la prestation ou pour accueillir le(s) technicien(s) du groupe.<\/p>\n\n\n\n<h2 class=\"wp-block-heading\">Article 11 &#8211; Promotion m\u00e9diatique et image<\/h2>\n\n\n\n<p>Les artistes autorisent l\u2019Organisateur \u00e0 r\u00e9aliser et exploiter des captations vid\u00e9o et enregistrements de leurs prestations live et interviews, dans leur int\u00e9gralit\u00e9 ou par extraits, les images fixes ou anim\u00e9es du candidat ainsi que son nom \u00e0 des fins de promotion du concours et des activit\u00e9s culturelles du r\u00e9seau, sur tous les supports pr\u00e9sents ou \u00e0 venir, y compris par le biais de tout r\u00e9seau et\/ou syst\u00e8me num\u00e9rique de transport de diffusion, ce sans but commercial.<\/p>\n\n\n\n<p>Dans le cadre de l\u2019application de son droit moral, le candidat peut demander \u00e0 tout moment le retrait d\u2019utilisation de son \u0153uvre.<\/p>\n\n\n\n<h2 class=\"wp-block-heading\">Article 12 &#8211; Respect des directives<\/h2>\n\n\n\n<p>Les candidats finalistes du concours s\u2019engagent \u00e0 participer \u00e0 la finale du \u00ab Tremplin du Val de l\u2019Eyre \u00bb qui se d\u00e9roulera le 9 mai 2025.<\/p>\n\n\n\n<p>La participation \u00e0 ce concours implique le plein accord des candidats au pr\u00e9sent r\u00e8glement et aux d\u00e9cisions concernant tout aspect de ce concours, qui seront d\u00e9finitives et ex\u00e9cutoires. Le non-respect du r\u00e8glement entra\u00eene l\u2019annulation de la candidature.<\/p>\n\n\n\n<p>Chaque groupe s\u2019engage \u00e0 suivre l\u2019ensemble des directives relatives \u00e0 l\u2019organisation, notamment et sans que cela ne soit limitatif, les horaires de balance et de set qui leurs seront communiqu\u00e9s par le r\u00e9gisseur et l\u2019\u00e9quipe de production.<\/p>\n\n\n\n<p>Le non-respect des directives par les membres des groupes ainsi que tout comportement incorrect et\/ou susceptible de porter atteinte aux bonnes m\u0153urs et\/ou \u00e0 l\u2019ordre public pourront entra\u00eener l\u2019exclusion et la disqualification des groupes concern\u00e9s.<\/p>\n\n\n\n<h2 class=\"wp-block-heading\">Article 13 &#8211; Informations l\u00e9gales<\/h2>\n\n\n\n<p>Les informations nominatives recueillies dans le cadre du pr\u00e9sent concours sont trait\u00e9es conform\u00e9ment \u00e0 la loi n\u00b02018-493 du 20 juin 2018 relative \u00e0 la protection des donn\u00e9es personnelles, relative \u00e0 l\u2019informatique, aux fichiers et aux libert\u00e9s.<\/p>\n\n\n\n<p>Les participants sont inform\u00e9s que les donn\u00e9es \u00e0 caract\u00e8re personnel les concernant sont enregistr\u00e9es dans le cadre de ce concours et sont n\u00e9cessaires \u00e0 la prise en compte de leur participation selon les modalit\u00e9s du pr\u00e9sent r\u00e8glement.<\/p>\n\n\n\n<p>Conform\u00e9ment \u00e0 la loi, les participants disposent d\u2019un droit d\u2019acc\u00e8s, de rectification et d\u2019opposition \u00e0 l\u2019ensemble des donn\u00e9es les concernant.<\/p>\n\n\n\n<p>Ces droits peuvent \u00eatre exerc\u00e9s par simple demande :<\/p>\n\n\n\n<p>&#8211; par courrier \u00e9lectronique \u00e0 l&rsquo;adresse suivante : lesmoutonsdepougniquet@gmail.com<\/p>\n\n\n\n<p>&#8211; par courrier papier \u00e0 l&rsquo;adresse du Festival : 20 chemin de Capet &#8211; 33770 Salles<\/p>\n\n\n\n<p>&#8211; par le biais de la page de contact sur le site : <a href=\"https:\/\/tremplinduvaldeleyre.fr\/?page_id=230\">https:\/\/tremplinduvaldeleyre.fr\/?page_id=230<\/a><\/p>\n\n\n\n<p>Le groupe certifie avoir pris connaissance du pr\u00e9sent r\u00e8glement et l&rsquo;accepte sans aucune restriction.<\/p>\n","protected":false},"excerpt":{"rendered":"<p>Tremplin Musical du Pougniq \u201cTremplin du Val de l\u2019Eyre\u201d Article 1 &#8211; L\u2019organisateur L\u2019association Les Moutons De Pougniquet ou LMDP (d\u00e9sign\u00e9e ci-apr\u00e8s comme \u201cl\u2019Organisateur\u201d) met en place et organise un concours musical intitul\u00e9 : \u201cTremplin du Val de l\u2019Eyre\u201d, selon les modalit\u00e9s d\u00e9crites dans le pr\u00e9sent r\u00e8glement.&nbsp; Le ou les musiciens qui remporteront le tremplin&hellip; <a href=\"https:\/\/tremplinduvaldeleyre.fr\/?page_id=33\" class=\"more-link\">Lire la suite <span class=\"screen-reader-text\">R\u00e8glement<\/span><\/a><\/p>\n","protected":false},"author":1,"featured_media":0,"parent":0,"menu_order":0,"comment_status":"closed","ping_status":"closed","template":"","meta":{"footnotes":""},"class_list":["post-33","page","type-page","status-publish","hentry","without-featured-image"],"_links":{"self":[{"href":"https:\/\/tremplinduvaldeleyre.fr\/index.php?rest_route=\/wp\/v2\/pages\/33","targetHints":{"allow":["GET"]}}],"collection":[{"href":"https:\/\/tremplinduvaldeleyre.fr\/index.php?rest_route=\/wp\/v2\/pages"}],"about":[{"href":"https:\/\/tremplinduvaldeleyre.fr\/index.php?rest_route=\/wp\/v2\/types\/page"}],"author":[{"embeddable":true,"href":"https:\/\/tremplinduvaldeleyre.fr\/index.php?rest_route=\/wp\/v2\/users\/1"}],"replies":[{"embeddable":true,"href":"https:\/\/tremplinduvaldeleyre.fr\/index.php?rest_route=%2Fwp%2Fv2%2Fcomments&post=33"}],"version-history":[{"count":16,"href":"https:\/\/tremplinduvaldeleyre.fr\/index.php?rest_route=\/wp\/v2\/pages\/33\/revisions"}],"predecessor-version":[{"id":354,"href":"https:\/\/tremplinduvaldeleyre.fr\/index.php?rest_route=\/wp\/v2\/pages\/33\/revisions\/354"}],"wp:attachment":[{"href":"https:\/\/tremplinduvaldeleyre.fr\/index.php?rest_route=%2Fwp%2Fv2%2Fmedia&parent=33"}],"curies":[{"name":"wp","href":"https:\/\/api.w.org\/{rel}","templated":true}]}}