{"id":299,"date":"2025-05-01T16:33:54","date_gmt":"2025-05-01T14:33:54","guid":{"rendered":"https:\/\/tremplinduvaldeleyre.fr\/?page_id=299"},"modified":"2025-05-01T16:44:13","modified_gmt":"2025-05-01T14:44:13","slug":"resultats-2025","status":"publish","type":"page","link":"https:\/\/tremplinduvaldeleyre.fr\/?page_id=299","title":{"rendered":"R\u00e9sultats 2025"},"content":{"rendered":"\n<p>Un <a><\/a>petit r\u00e9capitulatif de qui a gagn\u00e9 quoi lors cette finale grandiose du Tremplin du Val de l\u2019Eyre s\u2019impose ! <img loading=\"lazy\" decoding=\"async\" height=\"16\" width=\"16\" alt=\"\ud83e\udd29\" src=\"https:\/\/static.xx.fbcdn.net\/images\/emoji.php\/v9\/t58\/1\/16\/1f929.png\"><\/p>\n\n\n\n<p>Prix POUGNIQ FESTIVAL : c\u2019est <a href=\"https:\/\/l.facebook.com\/l.php?u=https%3A%2F%2Fwww.instagram.com%2F_u%2Felyminer_%3Ffbclid%3DIwZXh0bgNhZW0CMTAAYnJpZBExZTVqcVc1TlpvODIxRE9VTgEerqGOHy9spPaRoCHvJ8q_tDWM7sFyAMOG0peaYf9V9bKHqWiUgxunfbJ8hgU_aem_yU8egmF2x56evhzf4RQ_Cg&amp;h=AT15gub_Kx4LCTpqXtpmdhHTGTS2QrP1M6luf-6aJhi0rJGPlcSkBd_y604PikiHg-pbth9Wbni_a33b7HBW7UboE0U-6TQuFt_y1t7zwdXGyCn33UV_xzV_UkAfjkGcCk0nlTdVHBH2GnM29YiM&amp;__tn__=-UK-R&amp;c[0]=AT0W_F3OtwxbcqKOiNaLH1LlEEnkDZQxII2Npm9kCWwtyKiTrnoi2aSAPQqR9F7kL0_AjOkwbOmf4iQA-2h57INm-99sDJ63hO7tkSNI0iDik8a0keeaamJmm_6Lx6uIkLRGUsNZaB4UvSBCY39NOrkqpwz-z6l7FyiNUk8Q5bH0fmfn9HDz_pT9TnPjq3lY3PP5d8iW3nuODuFRXzcyr5UcGMg\" target=\"_blank\" rel=\"noreferrer noopener\">Elyne<\/a> qui a remport\u00e9 le <img loading=\"lazy\" decoding=\"async\" height=\"16\" width=\"16\" src=\"https:\/\/static.xx.fbcdn.net\/images\/emoji.php\/v9\/t6c\/1\/16\/2764.png\" alt=\"\u2764\ufe0f\"> du public elle se produira donc accompagn\u00e9e d\u2019Aliki sur sc\u00e8ne le 11 juillet prochain ! Un grand bravo \u00e0 elle <img loading=\"lazy\" decoding=\"async\" height=\"16\" width=\"16\" src=\"https:\/\/static.xx.fbcdn.net\/images\/emoji.php\/v9\/tbb\/1\/16\/1f98b.png\" alt=\"\ud83e\udd8b\"><\/p>\n\n\n\n<p>Prix POPUL\u2019EYRE : c\u2019est <a href=\"https:\/\/www.instagram.com\/_u\/mathilde_chatin?fbclid=IwZXh0bgNhZW0CMTAAYnJpZBExZTVqcVc1TlpvODIxRE9VTgEek-pQghU_6V6OC5AmUNIXkWwkloUR6X32DHla-8ljpwUzVad9o3fX74SnmdI_aem_6sVb0chbNxR2IzMnW22FDA\" target=\"_blank\" rel=\"noreferrer noopener\">Mathilde Chatin<\/a> qui a \u00e9t\u00e9 choisi pour se produire sur sc\u00e8ne le 6 ou 7 juin prochain ! F\u00e9licitation \u00e0 elle <img loading=\"lazy\" decoding=\"async\" height=\"16\" width=\"16\" src=\"https:\/\/static.xx.fbcdn.net\/images\/emoji.php\/v9\/t87\/1\/16\/1f340.png\" alt=\"\ud83c\udf40\"><\/p>\n\n\n\n<p>Prix BASSLOC : c\u2019est <a href=\"https:\/\/www.instagram.com\/_mina.sln_\/\">Mina<\/a> qui gagne son enregistrement vid\u00e9o en studio ! Bravo <img loading=\"lazy\" decoding=\"async\" height=\"16\" width=\"16\" src=\"https:\/\/static.xx.fbcdn.net\/images\/emoji.php\/v9\/tff\/1\/16\/1f3a5.png\" alt=\"\ud83c\udfa5\"><\/p>\n\n\n\n<p>Prix MIRA : c\u2019est <a href=\"https:\/\/l.facebook.com\/l.php?u=https%3A%2F%2Fwww.instagram.com%2F_u%2Fbeezar.rock%3Ffbclid%3DIwZXh0bgNhZW0CMTAAYnJpZBExZTVqcVc1TlpvODIxRE9VTgEepXhEWwSZhen4uPz4cX9vJVutMluHcyP9ESbnBzzch8nc8gETjSwwqNjn8ho_aem_cKYNPHeWxjw9vZO1N1j2eQ&amp;h=AT1Fl_uhpyNRI5qGp9TeoR3NAXgdFfQdodBevYWH_6xF-Dic7EsrikckUGaWSWyQnJPXWr2dCuCNUW6h50rTlIabLbrQEpB7R7GsXgIfGiBAB6AWqiFiTbjEES2HE-mN4ZRZWlG2MQ0LJlNMBqyv&amp;__tn__=-UK-R&amp;c[0]=AT0W_F3OtwxbcqKOiNaLH1LlEEnkDZQxII2Npm9kCWwtyKiTrnoi2aSAPQqR9F7kL0_AjOkwbOmf4iQA-2h57INm-99sDJ63hO7tkSNI0iDik8a0keeaamJmm_6Lx6uIkLRGUsNZaB4UvSBCY39NOrkqpwz-z6l7FyiNUk8Q5bH0fmfn9HDz_pT9TnPjq3lY3PP5d8iW3nuODuFRXzcyr5UcGMg\" target=\"_blank\" rel=\"noreferrer noopener\">BEEZAR<\/a> qui remporte la somme de 300\u20ac offert par la brasserie ! On les f\u00e9licite <img loading=\"lazy\" decoding=\"async\" height=\"16\" width=\"16\" src=\"https:\/\/static.xx.fbcdn.net\/images\/emoji.php\/v9\/t96\/1\/16\/1f37b.png\" alt=\"\ud83c\udf7b\"><\/p>\n\n\n\n<p>Prix PLAGE FM : c\u2019est <a href=\"https:\/\/l.facebook.com\/l.php?u=https%3A%2F%2Fwww.instagram.com%2F_u%2Fphilton_music%3Ffbclid%3DIwZXh0bgNhZW0CMTAAYnJpZBExZTVqcVc1TlpvODIxRE9VTgEerqGOHy9spPaRoCHvJ8q_tDWM7sFyAMOG0peaYf9V9bKHqWiUgxunfbJ8hgU_aem_yU8egmF2x56evhzf4RQ_Cg&amp;h=AT2jZ5JwKyRXb4EjxyLlMikBUvK8Z8_J1l32-N0-OcPNAhSXtMj8MKBCXE-F4UWfhaQjVdFSrmbIJ9j5Fdl88Vi3yOGg-YM2mAiOFLjzLZmBGvzkgu3zYd_2YnGiRLwCQKNGXq0NkEtEik-ykCV6&amp;__tn__=-UK-R&amp;c[0]=AT0W_F3OtwxbcqKOiNaLH1LlEEnkDZQxII2Npm9kCWwtyKiTrnoi2aSAPQqR9F7kL0_AjOkwbOmf4iQA-2h57INm-99sDJ63hO7tkSNI0iDik8a0keeaamJmm_6Lx6uIkLRGUsNZaB4UvSBCY39NOrkqpwz-z6l7FyiNUk8Q5bH0fmfn9HDz_pT9TnPjq3lY3PP5d8iW3nuODuFRXzcyr5UcGMg\" target=\"_blank\" rel=\"noreferrer noopener\">Philton<\/a> qui sera diffus\u00e9 sur les ondes et gagne une interview ! Bravo <img loading=\"lazy\" decoding=\"async\" height=\"16\" width=\"16\" src=\"https:\/\/static.xx.fbcdn.net\/images\/emoji.php\/v9\/t8c\/1\/16\/1f389.png\" alt=\"\ud83c\udf89\"><\/p>\n\n\n\n<p>Prix VILLE DE SALLES : c\u2019est <a href=\"https:\/\/www.instagram.com\/_mina.sln_\/\">Mina<\/a> qui sera int\u00e9gr\u00e9 \u00e0 la programmation culturelle de la saison prochaine ! On la f\u00e9licite <img loading=\"lazy\" decoding=\"async\" height=\"16\" width=\"16\" src=\"https:\/\/static.xx.fbcdn.net\/images\/emoji.php\/v9\/t50\/1\/16\/1f525.png\" alt=\"\ud83d\udd25\"><\/p>\n\n\n\n<p>Prix BO\u00ceTE \u00c0 MEUH : nos amis n\u2019ont pas r\u00e9ussi \u00e0 choisir entre <a href=\"https:\/\/l.facebook.com\/l.php?u=https%3A%2F%2Fwww.instagram.com%2F_u%2Fmathilde_chatin%3Ffbclid%3DIwZXh0bgNhZW0CMTAAYnJpZBExZTVqcVc1TlpvODIxRE9VTgEeXHoptFSRmBEfJ8Znv-ptX06lMMALKY9Tecu8FTwUyLU9iJD02Cfp6L8qjXU_aem_IeZOFL-Pf3W4hMlb1LXZww&amp;h=AT2-wUayHCOyQHWyQVF8uNAblwvkxNNptVq-Ttoq6hTreMHEucl1iyhQ3RQWSQJkOsfNJ8h5FC80iDlw5iEzFLFAU5hQPJ-rr-UJI6SxHonvtn3UMSpKdHC67Cq9zDayYRR7k5zRNHArK20Nmqf-&amp;__tn__=-UK-R&amp;c[0]=AT0W_F3OtwxbcqKOiNaLH1LlEEnkDZQxII2Npm9kCWwtyKiTrnoi2aSAPQqR9F7kL0_AjOkwbOmf4iQA-2h57INm-99sDJ63hO7tkSNI0iDik8a0keeaamJmm_6Lx6uIkLRGUsNZaB4UvSBCY39NOrkqpwz-z6l7FyiNUk8Q5bH0fmfn9HDz_pT9TnPjq3lY3PP5d8iW3nuODuFRXzcyr5UcGMg\" target=\"_blank\" rel=\"noreferrer noopener\"><a href=\"https:\/\/www.instagram.com\/_u\/mathilde_chatin?fbclid=IwZXh0bgNhZW0CMTAAYnJpZBExZTVqcVc1TlpvODIxRE9VTgEek-pQghU_6V6OC5AmUNIXkWwkloUR6X32DHla-8ljpwUzVad9o3fX74SnmdI_aem_6sVb0chbNxR2IzMnW22FDA\" target=\"_blank\" rel=\"noreferrer noopener\">Mathilde Chatin<\/a><\/a> et <a href=\"https:\/\/www.instagram.com\/_mina.sln_\/\">Mina<\/a> elles auront donc toutes deux l\u2019occasion de se produire lors d\u2019une soir\u00e9e concert ! <img loading=\"lazy\" decoding=\"async\" height=\"16\" width=\"16\" src=\"https:\/\/static.xx.fbcdn.net\/images\/emoji.php\/v9\/t1f\/1\/16\/1f3b6.png\" alt=\"\ud83c\udfb6\"><\/p>\n\n\n\n<p>Prix PULSE SOUND : et pour finir c\u2019est donc <a href=\"https:\/\/www.instagram.com\/_u\/philton_music?fbclid=IwZXh0bgNhZW0CMTAAYnJpZBExZTVqcVc1TlpvODIxRE9VTgEeZ5gbCJv1Mk81xhCaqGNJjGpYTAWRYTeYhPTnU0Tt5WWkplapi2bouJYZQUY_aem_DfQdP9dXoEdQerdL4lhQBA\" target=\"_blank\" rel=\"noreferrer noopener\"><a href=\"https:\/\/l.facebook.com\/l.php?u=https%3A%2F%2Fwww.instagram.com%2F_u%2Fphilton_music%3Ffbclid%3DIwZXh0bgNhZW0CMTAAYnJpZBExZTVqcVc1TlpvODIxRE9VTgEerqGOHy9spPaRoCHvJ8q_tDWM7sFyAMOG0peaYf9V9bKHqWiUgxunfbJ8hgU_aem_yU8egmF2x56evhzf4RQ_Cg&amp;h=AT2jZ5JwKyRXb4EjxyLlMikBUvK8Z8_J1l32-N0-OcPNAhSXtMj8MKBCXE-F4UWfhaQjVdFSrmbIJ9j5Fdl88Vi3yOGg-YM2mAiOFLjzLZmBGvzkgu3zYd_2YnGiRLwCQKNGXq0NkEtEik-ykCV6&amp;__tn__=-UK-R&amp;c[0]=AT0W_F3OtwxbcqKOiNaLH1LlEEnkDZQxII2Npm9kCWwtyKiTrnoi2aSAPQqR9F7kL0_AjOkwbOmf4iQA-2h57INm-99sDJ63hO7tkSNI0iDik8a0keeaamJmm_6Lx6uIkLRGUsNZaB4UvSBCY39NOrkqpwz-z6l7FyiNUk8Q5bH0fmfn9HDz_pT9TnPjq3lY3PP5d8iW3nuODuFRXzcyr5UcGMg\" target=\"_blank\" rel=\"noreferrer noopener\">Philton<\/a><\/a> qui gagne 2 jours de r\u00e9sidence en studio ! Chapeau ! <img loading=\"lazy\" decoding=\"async\" height=\"16\" width=\"16\" src=\"https:\/\/static.xx.fbcdn.net\/images\/emoji.php\/v9\/t58\/1\/16\/1f929.png\" alt=\"\ud83e\udd29\"> Chacun des finalistes remporte aussi 3h d\u2019enregistrement studio !<\/p>\n\n\n\n<p>Nous f\u00e9licitations \u00e9galement les <a href=\"https:\/\/www.instagram.com\/titty.twister.rock\/\">Titty Twister<\/a> pour leurs super prestation lors de cette finale ! <img loading=\"lazy\" decoding=\"async\" height=\"16\" width=\"16\" src=\"https:\/\/static.xx.fbcdn.net\/images\/emoji.php\/v9\/t21\/1\/16\/1f3b8.png\" alt=\"\ud83c\udfb8\"><\/p>\n\n\n\n<p><\/p>\n\n\n\n<iframe loading=\"lazy\" src=\"https:\/\/www.facebook.com\/plugins\/post.php?href=https%3A%2F%2Fwww.facebook.com%2Flepougniq%2Fposts%2Fpfbid0A2TDCSG9omzwtc7oobifgNrHEYRSmf9gc3HQnWKRhuY7fDiJzb99MJmfJr1gQqcSl&#038;show_text=true&#038;width=500\" width=\"500\" height=\"697\" style=\"border:none;overflow:hidden;margin:auto\" scrolling=\"no\" frameborder=\"0\" allowfullscreen=\"true\" allow=\"autoplay; clipboard-write; encrypted-media; picture-in-picture; web-share\"><\/iframe>\n","protected":false},"excerpt":{"rendered":"<p>Un petit r\u00e9capitulatif de qui a gagn\u00e9 quoi lors cette finale grandiose du Tremplin du Val de l\u2019Eyre s\u2019impose ! Prix POUGNIQ FESTIVAL : c\u2019est Elyne qui a remport\u00e9 le du public elle se produira donc accompagn\u00e9e d\u2019Aliki sur sc\u00e8ne le 11 juillet prochain ! Un grand bravo \u00e0 elle Prix POPUL\u2019EYRE : c\u2019est Mathilde&hellip; <a href=\"https:\/\/tremplinduvaldeleyre.fr\/?page_id=299\" class=\"more-link\">Lire la suite <span class=\"screen-reader-text\">R\u00e9sultats 2025<\/span><\/a><\/p>\n","protected":false},"author":1,"featured_media":0,"parent":0,"menu_order":0,"comment_status":"closed","ping_status":"closed","template":"","meta":{"footnotes":""},"class_list":["post-299","page","type-page","status-publish","hentry","without-featured-image"],"_links":{"self":[{"href":"https:\/\/tremplinduvaldeleyre.fr\/index.php?rest_route=\/wp\/v2\/pages\/299","targetHints":{"allow":["GET"]}}],"collection":[{"href":"https:\/\/tremplinduvaldeleyre.fr\/index.php?rest_route=\/wp\/v2\/pages"}],"about":[{"href":"https:\/\/tremplinduvaldeleyre.fr\/index.php?rest_route=\/wp\/v2\/types\/page"}],"author":[{"embeddable":true,"href":"https:\/\/tremplinduvaldeleyre.fr\/index.php?rest_route=\/wp\/v2\/users\/1"}],"replies":[{"embeddable":true,"href":"https:\/\/tremplinduvaldeleyre.fr\/index.php?rest_route=%2Fwp%2Fv2%2Fcomments&post=299"}],"version-history":[{"count":3,"href":"https:\/\/tremplinduvaldeleyre.fr\/index.php?rest_route=\/wp\/v2\/pages\/299\/revisions"}],"predecessor-version":[{"id":306,"href":"https:\/\/tremplinduvaldeleyre.fr\/index.php?rest_route=\/wp\/v2\/pages\/299\/revisions\/306"}],"wp:attachment":[{"href":"https:\/\/tremplinduvaldeleyre.fr\/index.php?rest_route=%2Fwp%2Fv2%2Fmedia&parent=299"}],"curies":[{"name":"wp","href":"https:\/\/api.w.org\/{rel}","templated":true}]}}