{"id":22,"date":"2025-01-14T11:54:48","date_gmt":"2025-01-14T10:54:48","guid":{"rendered":"https:\/\/tremplinduvaldeleyre.lepougniq-festival.fr\/?page_id=22"},"modified":"2026-03-20T10:10:04","modified_gmt":"2026-03-20T09:10:04","slug":"accueil","status":"publish","type":"page","link":"https:\/\/tremplinduvaldeleyre.fr\/","title":{"rendered":"Pr\u00e9sentation"},"content":{"rendered":"\n<h1 class=\"wp-block-heading\">Pr\u00e9sentation du projet<\/h1>\n\n\n\n<p>Le Tremplin du Val de l&rsquo;Eyre est un projet musical ambitieux port\u00e9 par Le centre socioculturel du val de l&rsquo;Eyre avec le soutien de l&rsquo;association Les Moutons De Pougniquet, organisatrice du festival Le Pougniq. Il s&rsquo;agit d&rsquo;une comp\u00e9tition musicale dont l&rsquo;objectif est de r\u00e9v\u00e9ler les talents locaux et de leur offrir une opportunit\u00e9 de se produire sur des sc\u00e8nes r\u00e9gionales et de b\u00e9n\u00e9ficier de tremplins pour leur carri\u00e8re.<\/p>\n\n\n\n<p>Concept :<br>Le Tremplin du Val de l&rsquo;Eyre s&rsquo;articule autour de cinq \u00e9v\u00e9nements :<\/p>\n\n\n\n<ul class=\"wp-block-list\">\n<li>Quatre phases de qualification, organis\u00e9es chacune dans l&rsquo;une des communes du Val de l&rsquo;Eyre, \u00e0 Belin-B\u00e9liet, Salles, Saint-Magne et Lugos.<\/li>\n\n\n\n<li>Une finale, qui r\u00e9unira les groupes ou artistes s\u00e9lectionn\u00e9s lors des phases pr\u00e9c\u00e9dentes \u00e0 La salle du bateau Lyre, au Barp.<br>Lors des phases de qualification, un candidat sera retenu par le vote du public et un second candidat par un jury repr\u00e9sent\u00e9 par les partenaires du tremplin.<\/li>\n<\/ul>\n\n\n\n<p>Le Tremplin du Val de l&rsquo;Eyre est une opportunit\u00e9 unique de dynamiser la sc\u00e8ne musicale locale, de cr\u00e9er un \u00e9v\u00e9nement f\u00e9d\u00e9rateur pour les communes du Val de l\u2019Eyre et de renforcer les liens entre les acteurs culturels et \u00e9conomiques de notre territoire.<\/p>\n\n\n\n<hr class=\"wp-block-separator has-alpha-channel-opacity\"\/>\n\n\n\n<h2 class=\"wp-block-heading has-text-align-center\">Les institutions partenaires<\/h2>\n\n\n\n<div class=\"wp-block-columns is-layout-flex wp-container-core-columns-is-layout-9d6595d7 wp-block-columns-is-layout-flex\">\n<div class=\"wp-block-column is-vertically-aligned-center is-layout-flow wp-block-column-is-layout-flow\"><div class=\"wp-block-image img_hover\">\n<figure class=\"aligncenter size-full is-resized\"><a href=\"https:\/\/www.belin-beliet.fr\/\" target=\"_blank\" rel=\" noreferrer noopener\"><img loading=\"lazy\" decoding=\"async\" width=\"240\" height=\"319\" src=\"https:\/\/tremplinduvaldeleyre.fr\/wp-content\/uploads\/2025\/01\/Logo_Belin_Beliet.jpg\" alt=\"\" class=\"wp-image-184\" style=\"width:80px;height:auto\" srcset=\"https:\/\/tremplinduvaldeleyre.fr\/wp-content\/uploads\/2025\/01\/Logo_Belin_Beliet.jpg 240w, https:\/\/tremplinduvaldeleyre.fr\/wp-content\/uploads\/2025\/01\/Logo_Belin_Beliet-226x300.jpg 226w\" sizes=\"auto, (max-width: 240px) 100vw, 240px\" \/><\/a><\/figure>\n<\/div><\/div>\n\n\n\n<div class=\"wp-block-column is-vertically-aligned-center is-layout-flow wp-block-column-is-layout-flow\"><div class=\"wp-block-image img_hover\">\n<figure class=\"aligncenter size-full is-resized\"><a href=\"https:\/\/commune-lugos.fr\/\" target=\"_blank\" rel=\" noreferrer noopener\"><img loading=\"lazy\" decoding=\"async\" width=\"200\" height=\"257\" src=\"https:\/\/tremplinduvaldeleyre.fr\/wp-content\/uploads\/2025\/01\/logo_Lugos.png\" alt=\"\" class=\"wp-image-185\" style=\"width:86px;height:auto\"\/><\/a><\/figure>\n<\/div><\/div>\n\n\n\n<div class=\"wp-block-column is-vertically-aligned-center is-layout-flow wp-block-column-is-layout-flow\"><div class=\"wp-block-image img_hover\">\n<figure class=\"aligncenter size-full is-resized\"><a href=\"https:\/\/www.villedesalles.fr\/\" target=\"_blank\" rel=\" noreferrer noopener\"><img loading=\"lazy\" decoding=\"async\" width=\"220\" height=\"153\" src=\"https:\/\/tremplinduvaldeleyre.fr\/wp-content\/uploads\/2025\/01\/logo_Salles.png\" alt=\"\" class=\"wp-image-186\" style=\"width:219px;height:auto\"\/><\/a><\/figure>\n<\/div><\/div>\n\n\n\n<div class=\"wp-block-column is-vertically-aligned-center is-layout-flow wp-block-column-is-layout-flow\"><div class=\"wp-block-image img_hover\">\n<figure class=\"aligncenter size-full\"><a href=\"https:\/\/lapagelocale.fr\/33125-saint-magne\" target=\"_blank\" rel=\" noreferrer noopener\"><img loading=\"lazy\" decoding=\"async\" width=\"211\" height=\"150\" src=\"https:\/\/tremplinduvaldeleyre.fr\/wp-content\/uploads\/2025\/01\/logo_Saint_Magne.jpg\" alt=\"\" class=\"wp-image-187\"\/><\/a><\/figure>\n<\/div><\/div>\n\n\n\n<div class=\"wp-block-column is-vertically-aligned-center is-layout-flow wp-block-column-is-layout-flow\"><div class=\"wp-block-image img_hover\">\n<figure class=\"aligncenter size-full\"><a href=\"https:\/\/www.ville-le-barp.fr\/\" target=\"_blank\" rel=\" noreferrer noopener\"><img loading=\"lazy\" decoding=\"async\" width=\"407\" height=\"126\" src=\"https:\/\/tremplinduvaldeleyre.fr\/wp-content\/uploads\/2025\/01\/logo_le_barp.png\" alt=\"\" class=\"wp-image-188\" srcset=\"https:\/\/tremplinduvaldeleyre.fr\/wp-content\/uploads\/2025\/01\/logo_le_barp.png 407w, https:\/\/tremplinduvaldeleyre.fr\/wp-content\/uploads\/2025\/01\/logo_le_barp-300x93.png 300w\" sizes=\"auto, (max-width: 407px) 100vw, 407px\" \/><\/a><\/figure>\n<\/div><\/div>\n<\/div>\n\n\n\n<div class=\"wp-block-columns are-vertically-aligned-center is-layout-flex wp-container-core-columns-is-layout-9d6595d7 wp-block-columns-is-layout-flex\">\n<div class=\"wp-block-column is-vertically-aligned-center is-layout-flow wp-block-column-is-layout-flow\"><div class=\"wp-block-image img_hover\">\n<figure class=\"aligncenter size-full\"><img loading=\"lazy\" decoding=\"async\" width=\"549\" height=\"198\" src=\"https:\/\/tremplinduvaldeleyre.fr\/wp-content\/uploads\/2025\/12\/Logo_interval.png\" alt=\"\" class=\"wp-image-336\"\/><\/figure>\n<\/div><\/div>\n\n\n\n<div class=\"wp-block-column is-vertically-aligned-center is-layout-flow wp-block-column-is-layout-flow\"><div class=\"wp-block-image img_hover\">\n<figure class=\"aligncenter size-full\"><a href=\"https:\/\/www.valdeleyre.fr\/\" target=\"_blank\" rel=\" noreferrer noopener\"><img loading=\"lazy\" decoding=\"async\" width=\"978\" height=\"450\" src=\"https:\/\/tremplinduvaldeleyre.fr\/wp-content\/uploads\/2025\/01\/logo_val_de_leyre.png\" alt=\"\" class=\"wp-image-190\" srcset=\"https:\/\/tremplinduvaldeleyre.fr\/wp-content\/uploads\/2025\/01\/logo_val_de_leyre.png 978w, https:\/\/tremplinduvaldeleyre.fr\/wp-content\/uploads\/2025\/01\/logo_val_de_leyre-300x138.png 300w, https:\/\/tremplinduvaldeleyre.fr\/wp-content\/uploads\/2025\/01\/logo_val_de_leyre-768x353.png 768w\" sizes=\"auto, (max-width: 978px) 100vw, 978px\" \/><\/a><\/figure>\n<\/div><\/div>\n\n\n\n<div class=\"wp-block-column is-vertically-aligned-center is-layout-flow wp-block-column-is-layout-flow\"><div class=\"wp-block-image img_hover\">\n<figure class=\"aligncenter size-large\"><a href=\"https:\/\/www.gironde.fr\/\" target=\"_blank\" rel=\" noreferrer noopener\"><img loading=\"lazy\" decoding=\"async\" width=\"1024\" height=\"481\" src=\"https:\/\/tremplinduvaldeleyre.fr\/wp-content\/uploads\/2025\/01\/logo-gironde-1024x481.png\" alt=\"\" class=\"wp-image-191\" srcset=\"https:\/\/tremplinduvaldeleyre.fr\/wp-content\/uploads\/2025\/01\/logo-gironde-1024x481.png 1024w, https:\/\/tremplinduvaldeleyre.fr\/wp-content\/uploads\/2025\/01\/logo-gironde-300x141.png 300w, https:\/\/tremplinduvaldeleyre.fr\/wp-content\/uploads\/2025\/01\/logo-gironde-768x361.png 768w, https:\/\/tremplinduvaldeleyre.fr\/wp-content\/uploads\/2025\/01\/logo-gironde-1536x722.png 1536w, https:\/\/tremplinduvaldeleyre.fr\/wp-content\/uploads\/2025\/01\/logo-gironde.png 1724w\" sizes=\"auto, (max-width: 1024px) 100vw, 1024px\" \/><\/a><\/figure>\n<\/div><\/div>\n\n\n\n<div class=\"wp-block-column is-vertically-aligned-center is-layout-flow wp-block-column-is-layout-flow\"><div class=\"wp-block-image img_hover\">\n<figure class=\"aligncenter size-full\"><a href=\"https:\/\/iddac.net\/\" target=\"_blank\" rel=\" noreferrer noopener\"><img loading=\"lazy\" decoding=\"async\" width=\"185\" height=\"140\" src=\"https:\/\/tremplinduvaldeleyre.fr\/wp-content\/uploads\/2025\/01\/logo-iddac.png\" alt=\"\" class=\"wp-image-192\"\/><\/a><\/figure>\n<\/div><\/div>\n\n\n\n<div class=\"wp-block-column is-layout-flow wp-block-column-is-layout-flow\">\n<figure class=\"wp-block-image size-full\"><img loading=\"lazy\" decoding=\"async\" width=\"180\" height=\"100\" src=\"https:\/\/tremplinduvaldeleyre.fr\/wp-content\/uploads\/2026\/03\/interface-logo-clas.png\" alt=\"\" class=\"wp-image-365\"\/><\/figure>\n<\/div>\n<\/div>\n\n\n\n<hr class=\"wp-block-separator has-alpha-channel-opacity\"\/>\n\n\n\n<h2 class=\"wp-block-heading has-text-align-center\">Partenaires du tremplin<\/h2>\n\n\n\n<div class=\"wp-block-columns are-vertically-aligned-center is-layout-flex wp-container-core-columns-is-layout-9d6595d7 wp-block-columns-is-layout-flex\">\n<div class=\"wp-block-column is-vertically-aligned-center is-layout-flow wp-block-column-is-layout-flow\"><div class=\"wp-block-image img_hover\">\n<figure class=\"aligncenter size-full is-resized\"><a href=\"https:\/\/lepougniq-festival.fr\/\" target=\"_blank\" rel=\" noreferrer noopener\"><img loading=\"lazy\" decoding=\"async\" width=\"1014\" height=\"790\" src=\"https:\/\/tremplinduvaldeleyre.fr\/wp-content\/uploads\/2025\/01\/logo-texte-1.png\" alt=\"\" class=\"wp-image-197\" style=\"width:150px;height:auto\" srcset=\"https:\/\/tremplinduvaldeleyre.fr\/wp-content\/uploads\/2025\/01\/logo-texte-1.png 1014w, https:\/\/tremplinduvaldeleyre.fr\/wp-content\/uploads\/2025\/01\/logo-texte-1-300x234.png 300w, https:\/\/tremplinduvaldeleyre.fr\/wp-content\/uploads\/2025\/01\/logo-texte-1-768x598.png 768w\" sizes=\"auto, (max-width: 1014px) 100vw, 1014px\" \/><\/a><\/figure>\n<\/div><\/div>\n\n\n\n<div class=\"wp-block-column is-vertically-aligned-center is-layout-flow wp-block-column-is-layout-flow\"><div class=\"wp-block-image is-style-rounded img_hover wp-duotone-unset-1\">\n<figure class=\"aligncenter size-large is-resized\"><img loading=\"lazy\" decoding=\"async\" width=\"1024\" height=\"1024\" src=\"https:\/\/tremplinduvaldeleyre.fr\/wp-content\/uploads\/2025\/02\/LOGO-HAUTE-DEF-POPULEYRE-2025-NB-1024x1024.png\" alt=\"\" class=\"wp-image-243\" style=\"width:128px;height:auto\" srcset=\"https:\/\/tremplinduvaldeleyre.fr\/wp-content\/uploads\/2025\/02\/LOGO-HAUTE-DEF-POPULEYRE-2025-NB-1024x1024.png 1024w, https:\/\/tremplinduvaldeleyre.fr\/wp-content\/uploads\/2025\/02\/LOGO-HAUTE-DEF-POPULEYRE-2025-NB-300x300.png 300w, https:\/\/tremplinduvaldeleyre.fr\/wp-content\/uploads\/2025\/02\/LOGO-HAUTE-DEF-POPULEYRE-2025-NB-150x150.png 150w, https:\/\/tremplinduvaldeleyre.fr\/wp-content\/uploads\/2025\/02\/LOGO-HAUTE-DEF-POPULEYRE-2025-NB-768x768.png 768w, https:\/\/tremplinduvaldeleyre.fr\/wp-content\/uploads\/2025\/02\/LOGO-HAUTE-DEF-POPULEYRE-2025-NB-1536x1536.png 1536w, https:\/\/tremplinduvaldeleyre.fr\/wp-content\/uploads\/2025\/02\/LOGO-HAUTE-DEF-POPULEYRE-2025-NB-2048x2048.png 2048w, https:\/\/tremplinduvaldeleyre.fr\/wp-content\/uploads\/2025\/02\/LOGO-HAUTE-DEF-POPULEYRE-2025-NB-180x180.png 180w\" sizes=\"auto, (max-width: 1024px) 100vw, 1024px\" \/><\/figure>\n<\/div><\/div>\n\n\n\n<div class=\"wp-block-column is-vertically-aligned-center is-layout-flow wp-block-column-is-layout-flow\"><div class=\"wp-block-image img_hover\">\n<figure class=\"aligncenter size-full is-resized\"><a href=\"https:\/\/www.plagefm.fr\/\" target=\"_blank\" rel=\" noreferrer noopener\"><img loading=\"lazy\" decoding=\"async\" width=\"185\" height=\"185\" src=\"https:\/\/tremplinduvaldeleyre.fr\/wp-content\/uploads\/2025\/01\/logo_plage_fm.png\" alt=\"\" class=\"wp-image-196\" style=\"width:158px;height:auto\" srcset=\"https:\/\/tremplinduvaldeleyre.fr\/wp-content\/uploads\/2025\/01\/logo_plage_fm.png 185w, https:\/\/tremplinduvaldeleyre.fr\/wp-content\/uploads\/2025\/01\/logo_plage_fm-150x150.png 150w, https:\/\/tremplinduvaldeleyre.fr\/wp-content\/uploads\/2025\/01\/logo_plage_fm-180x180.png 180w\" sizes=\"auto, (max-width: 185px) 100vw, 185px\" \/><\/a><\/figure>\n<\/div><\/div>\n<\/div>\n\n\n\n<div class=\"wp-block-columns are-vertically-aligned-center is-layout-flex wp-container-core-columns-is-layout-9d6595d7 wp-block-columns-is-layout-flex\">\n<div class=\"wp-block-column is-vertically-aligned-center is-layout-flow wp-block-column-is-layout-flow\"><div class=\"wp-block-image\">\n<figure class=\"aligncenter size-large is-resized\"><img loading=\"lazy\" decoding=\"async\" width=\"1024\" height=\"1024\" src=\"https:\/\/tremplinduvaldeleyre.fr\/wp-content\/uploads\/2025\/02\/Logo-Pulse-Sound-Studio_Plan-de-travail-1-1024x1024.png\" alt=\"\" class=\"wp-image-272\" style=\"width:147px;height:auto\" srcset=\"https:\/\/tremplinduvaldeleyre.fr\/wp-content\/uploads\/2025\/02\/Logo-Pulse-Sound-Studio_Plan-de-travail-1-1024x1024.png 1024w, https:\/\/tremplinduvaldeleyre.fr\/wp-content\/uploads\/2025\/02\/Logo-Pulse-Sound-Studio_Plan-de-travail-1-300x300.png 300w, https:\/\/tremplinduvaldeleyre.fr\/wp-content\/uploads\/2025\/02\/Logo-Pulse-Sound-Studio_Plan-de-travail-1-150x150.png 150w, https:\/\/tremplinduvaldeleyre.fr\/wp-content\/uploads\/2025\/02\/Logo-Pulse-Sound-Studio_Plan-de-travail-1-768x768.png 768w, https:\/\/tremplinduvaldeleyre.fr\/wp-content\/uploads\/2025\/02\/Logo-Pulse-Sound-Studio_Plan-de-travail-1-1536x1536.png 1536w, https:\/\/tremplinduvaldeleyre.fr\/wp-content\/uploads\/2025\/02\/Logo-Pulse-Sound-Studio_Plan-de-travail-1-2048x2048.png 2048w, https:\/\/tremplinduvaldeleyre.fr\/wp-content\/uploads\/2025\/02\/Logo-Pulse-Sound-Studio_Plan-de-travail-1-180x180.png 180w\" sizes=\"auto, (max-width: 1024px) 100vw, 1024px\" \/><\/figure>\n<\/div><\/div>\n\n\n\n<div class=\"wp-block-column is-vertically-aligned-center is-layout-flow wp-block-column-is-layout-flow\"><div class=\"wp-block-image img_hover\">\n<figure class=\"aligncenter size-full is-resized\"><img loading=\"lazy\" decoding=\"async\" width=\"100\" height=\"100\" src=\"https:\/\/tremplinduvaldeleyre.fr\/wp-content\/uploads\/2025\/01\/logo_la_boite_a_meuh.jpg\" alt=\"\" class=\"wp-image-207\" style=\"width:148px;height:auto\"\/><\/figure>\n<\/div><\/div>\n\n\n\n<div class=\"wp-block-column is-vertically-aligned-center is-layout-flow wp-block-column-is-layout-flow\"><div class=\"wp-block-image img_hover\">\n<figure class=\"aligncenter size-full is-resized\"><img loading=\"lazy\" decoding=\"async\" width=\"500\" height=\"500\" src=\"https:\/\/tremplinduvaldeleyre.fr\/wp-content\/uploads\/2025\/02\/logo-bassloc.png\" alt=\"\" class=\"wp-image-241\" style=\"width:150px;height:auto\" srcset=\"https:\/\/tremplinduvaldeleyre.fr\/wp-content\/uploads\/2025\/02\/logo-bassloc.png 500w, https:\/\/tremplinduvaldeleyre.fr\/wp-content\/uploads\/2025\/02\/logo-bassloc-300x300.png 300w, https:\/\/tremplinduvaldeleyre.fr\/wp-content\/uploads\/2025\/02\/logo-bassloc-150x150.png 150w, https:\/\/tremplinduvaldeleyre.fr\/wp-content\/uploads\/2025\/02\/logo-bassloc-180x180.png 180w\" sizes=\"auto, (max-width: 500px) 100vw, 500px\" \/><\/figure>\n<\/div><\/div>\n<\/div>\n\n\n\n<div class=\"wp-block-columns are-vertically-aligned-center is-layout-flex wp-container-core-columns-is-layout-9d6595d7 wp-block-columns-is-layout-flex\">\n<div class=\"wp-block-column is-vertically-aligned-center is-layout-flow wp-block-column-is-layout-flow\"><\/div>\n\n\n\n<div class=\"wp-block-column is-vertically-aligned-center is-layout-flow wp-block-column-is-layout-flow\"><div class=\"wp-block-image\">\n<figure class=\"aligncenter size-full is-resized\"><img loading=\"lazy\" decoding=\"async\" width=\"558\" height=\"567\" src=\"https:\/\/tremplinduvaldeleyre.fr\/wp-content\/uploads\/2026\/02\/Chez_Etiennette_records.jpg\" alt=\"\" class=\"wp-image-357\" style=\"aspect-ratio:0.9841536292217821;width:153px;height:auto\"\/><\/figure>\n<\/div><\/div>\n\n\n\n<div class=\"wp-block-column is-vertically-aligned-center is-layout-flow wp-block-column-is-layout-flow\"><\/div>\n<\/div>\n","protected":false},"excerpt":{"rendered":"<p>Pr\u00e9sentation du projet Le Tremplin du Val de l&rsquo;Eyre est un projet musical ambitieux port\u00e9 par Le centre socioculturel du val de l&rsquo;Eyre avec le soutien de l&rsquo;association Les Moutons De Pougniquet, organisatrice du festival Le Pougniq. Il s&rsquo;agit d&rsquo;une comp\u00e9tition musicale dont l&rsquo;objectif est de r\u00e9v\u00e9ler les talents locaux et de leur offrir une&hellip; <a href=\"https:\/\/tremplinduvaldeleyre.fr\/\" class=\"more-link\">Lire la suite <span class=\"screen-reader-text\">Pr\u00e9sentation<\/span><\/a><\/p>\n","protected":false},"author":1,"featured_media":0,"parent":0,"menu_order":0,"comment_status":"closed","ping_status":"closed","template":"","meta":{"footnotes":""},"class_list":["post-22","page","type-page","status-publish","hentry","without-featured-image"],"_links":{"self":[{"href":"https:\/\/tremplinduvaldeleyre.fr\/index.php?rest_route=\/wp\/v2\/pages\/22","targetHints":{"allow":["GET"]}}],"collection":[{"href":"https:\/\/tremplinduvaldeleyre.fr\/index.php?rest_route=\/wp\/v2\/pages"}],"about":[{"href":"https:\/\/tremplinduvaldeleyre.fr\/index.php?rest_route=\/wp\/v2\/types\/page"}],"author":[{"embeddable":true,"href":"https:\/\/tremplinduvaldeleyre.fr\/index.php?rest_route=\/wp\/v2\/users\/1"}],"replies":[{"embeddable":true,"href":"https:\/\/tremplinduvaldeleyre.fr\/index.php?rest_route=%2Fwp%2Fv2%2Fcomments&post=22"}],"version-history":[{"count":28,"href":"https:\/\/tremplinduvaldeleyre.fr\/index.php?rest_route=\/wp\/v2\/pages\/22\/revisions"}],"predecessor-version":[{"id":368,"href":"https:\/\/tremplinduvaldeleyre.fr\/index.php?rest_route=\/wp\/v2\/pages\/22\/revisions\/368"}],"wp:attachment":[{"href":"https:\/\/tremplinduvaldeleyre.fr\/index.php?rest_route=%2Fwp%2Fv2%2Fmedia&parent=22"}],"curies":[{"name":"wp","href":"https:\/\/api.w.org\/{rel}","templated":true}]}}